{"id":166,"date":"2018-12-08T08:08:45","date_gmt":"2018-12-08T08:08:45","guid":{"rendered":"https:\/\/westermann-netzwerke.de\/?page_id=166"},"modified":"2018-12-08T08:18:13","modified_gmt":"2018-12-08T08:18:13","slug":"ein-jahr-glasfaser","status":"publish","type":"page","link":"https:\/\/westermann-netzwerke.de\/?page_id=166","title":{"rendered":"Ein Jahr Glasfaser&#8230;"},"content":{"rendered":"\n<p>Seit gut einem Jahr haben wir in der Firma jetzt den Glasfaser-Anschlu\u00df. Was ist seit dem passiert, wie schaut die Entwicklung seitens der Firma Deutsch Glasfaser aus und welche Probleme ergeben sich aus der bestehenden Konfiguration?<\/p>\n\n\n\n<p>Nun eines vorab, auch der Anbieter Deutsche Glasfaser ist eben nur ein Anbieter. Wie jede Firma ist auch dieser darauf bedacht m\u00f6glichst viel Gewinn zu erwirtschaften.<\/p>\n\n\n\n<p>In Sachen Netzausfall ist ihm das auch gelungen. Wir hatten in diesem einen Jahr bisher keinen Netzausfall, alles lief problemlos. Und wenn etwas nicht lief, waren unsere Labor-Versuche daran schuld, also nicht die Deutsche Glasfaser.<\/p>\n\n\n\n<p>Alles gut also?<\/p>\n\n\n\n<p>Ja, im Grunde schon, aber schauen wir uns mal die Unterschiede zwischen einem klassischen ISDN-Anschlu\u00df und dem Glasfaser-Anschlu\u00df an.<\/p>\n\n\n\n<p>Der ISDN-Anschlu\u00df bietet drei Rufnummern, wovon gleichzeitig zwei genutzt werden k\u00f6nnen. Es kann also neben einem Telefonat auch ein Fax verschickt oder empfangen werden.<\/p>\n\n\n\n<p>Das ist bei der Internet-Telefonie der Deutschen Glasfaser nicht vorgesehen.<\/p>\n\n\n\n<p>Nat\u00fcrlich werden alle Rufnummern sortiert, was auch absolut reibungslos funktioniert hat (zumindest bei uns). Aber telefonieren und gleichzeitig ein Fax verschicken oder empfangen ist nicht m\u00f6glich.<\/p>\n\n\n\n<p>Wir haben das Problem umgangen und vor kurzem die Telefonie auf einem Fremdanbieter umgestellt. Weitere Vorteile aus dieser Portierung lasse ich jetzt bewusst ausser Acht.<\/p>\n\n\n\n<p>Was passiert noch bei einem Telefonanschluss, der Internet basierend arbeitet?<\/p>\n\n\n\n<p>Nun, um es mal ganz einfach zu schreiben. Wir haben mehr Abbr\u00fcche in der Telefonie. Bei der ISDN-Technik ist eine gewisse Fehlertoleranz vorhanden und es konnte schon einmal vorkommen, dass die Telefonverbindung etwas leiser war, oder vielleicht auch mal Aussetzer beim Sprechen hatte.<\/p>\n\n\n\n<p>Aber ein Abbruch des Telefongespr\u00e4ches kam nicht vor.<\/p>\n\n\n\n<p>Bei der Internet-Telefonie ist das etwas anders geregelt. Auch dort gibt es gewisse Toleranzen, aber bei weitem nicht so gro\u00df wie bei ISDN. Da bewegen sich eben diese Toleranzen im Bereich von Millisekunden.<\/p>\n\n\n\n<p>Jeder, der die Fritz!Box als Telefonie-Zentrale verwendet kann sich die Verbindungen, die gef\u00fchrt wurden, anzeigen lassen.<\/p>\n\n\n\n<p>Dort ist dann die Rede davon, wie gut die Verbindung war, mit welchem Zeitlichen Versatz das Gespr\u00e4ch gef\u00fchrt wurde. Kommt es aber jetzt zu einer zu gro\u00dfen Zeitspanne, wird die Verbindung einfach getrennt.<\/p>\n\n\n\n<p>Ein weiterer Nachteil zeigt sich im Laufe der Zeit, f\u00fcr den wir keine Erkl\u00e4rung haben. Bei einem Ortsgespr\u00e4ch wird in der Regel keine Vorwahl mitgew\u00e4hlt, eben nur die Rufnummer.<\/p>\n\n\n\n<p>Da es bei der Internet-Telefonie aber kein Ortsgespr\u00e4ch im klassischen Sinne gibt, muss der Anbieter also erkennen, dass die gerade gew\u00e4hlte Rufnummer ohne Ortsvorwahl gew\u00e4hlt wird. Damit der Anruf jetzt durchgestellt werden kann und es auf der anderen Seite klingelt, geht der Anbieter hin und stellt der Rufnummer wieder eine Ortsvorwahl der eigentlichen Rufnummer vorne an. Aus 1234 wird also 054531234. Eigentlich sollte das die Telefonanlage schon direkt machen, es kann aber sein, dass das nicht sauber funktioniert.<\/p>\n\n\n\n<p>Als Ergebnis kommt dabei raus, dass die Anwahl eines Gespr\u00e4chspartners etwas dauert, eben l\u00e4nger wie bisher bei ISDN.<\/p>\n\n\n\n<p>Ein Umstand, den man wissen sollte und der vieles erkl\u00e4rt&#8230;<\/p>\n","protected":false},"excerpt":{"rendered":"<p>Seit gut einem Jahr haben wir in der Firma jetzt den Glasfaser-Anschlu\u00df. Was ist seit dem passiert, wie schaut die Entwicklung seitens der Firma Deutsch Glasfaser aus und welche Probleme ergeben sich aus der bestehenden Konfiguration? Nun eines vorab, auch der Anbieter Deutsche Glasfaser ist eben nur ein Anbieter. Wie jede Firma ist auch dieser [&hellip;]<\/p>\n","protected":false},"author":1,"featured_media":0,"parent":29,"menu_order":0,"comment_status":"closed","ping_status":"closed","template":"","meta":{"footnotes":""},"class_list":["post-166","page","type-page","status-publish","hentry"],"_links":{"self":[{"href":"https:\/\/westermann-netzwerke.de\/index.php?rest_route=\/wp\/v2\/pages\/166","targetHints":{"allow":["GET"]}}],"collection":[{"href":"https:\/\/westermann-netzwerke.de\/index.php?rest_route=\/wp\/v2\/pages"}],"about":[{"href":"https:\/\/westermann-netzwerke.de\/index.php?rest_route=\/wp\/v2\/types\/page"}],"author":[{"embeddable":true,"href":"https:\/\/westermann-netzwerke.de\/index.php?rest_route=\/wp\/v2\/users\/1"}],"replies":[{"embeddable":true,"href":"https:\/\/westermann-netzwerke.de\/index.php?rest_route=%2Fwp%2Fv2%2Fcomments&post=166"}],"version-history":[{"count":2,"href":"https:\/\/westermann-netzwerke.de\/index.php?rest_route=\/wp\/v2\/pages\/166\/revisions"}],"predecessor-version":[{"id":168,"href":"https:\/\/westermann-netzwerke.de\/index.php?rest_route=\/wp\/v2\/pages\/166\/revisions\/168"}],"up":[{"embeddable":true,"href":"https:\/\/westermann-netzwerke.de\/index.php?rest_route=\/wp\/v2\/pages\/29"}],"wp:attachment":[{"href":"https:\/\/westermann-netzwerke.de\/index.php?rest_route=%2Fwp%2Fv2%2Fmedia&parent=166"}],"curies":[{"name":"wp","href":"https:\/\/api.w.org\/{rel}","templated":true}]}}