{"id":18,"date":"2018-01-02T02:16:37","date_gmt":"2018-01-02T02:16:37","guid":{"rendered":"https:\/\/westermann-netzwerke.de\/?page_id=18"},"modified":"2022-06-01T08:34:13","modified_gmt":"2022-06-01T08:34:13","slug":"hauptseite","status":"publish","type":"page","link":"https:\/\/westermann-netzwerke.de\/","title":{"rendered":"Home"},"content":{"rendered":"<table style=\"margin: 0; width: 100%;\" border=\"0\" cellspacing=\"0\" cellpadding=\"0\">\n<tbody>\n<tr>\n<td id=\"header-image1\" style=\"width: 640px; border-width: 0; padding: 0;\"><img fetchpriority=\"high\" decoding=\"async\" style=\"margin: 0;\" src=\"https:\/\/westermann-netzwerke.de\/wp-content\/uploads\/2018\/01\/contentimage01-3.jpg\" alt=\"\" width=\"640\" height=\"388\" \/><\/td>\n<td style=\"background-color: #455270; border-width: 0; padding: 10px 16px 0 10px;\">\n<h2>Wir bieten Umstellung auf:<\/h2>\n<ul>\n<li>Home-Arbeitspl\u00e4tze<\/li>\n<li>Konferenzl\u00f6sungen<\/li>\n<li>Fernzugriff<\/li>\n<li>Fernwartung<\/li>\n<\/ul>\n<h2>zu g\u00fcnstigen Konditionen<\/h2>\n<\/td>\n<\/tr>\n<\/tbody>\n<\/table>\n<table style=\"width: 100%;\" border=\"0\" cellspacing=\"0\" cellpadding=\"0\">\n<tbody>\n<tr>\n<td style=\"width: 33%; border-top-width: 0; border-right: 1px dotted #cccccc; border-bottom-width: 0; border-left-width: 0; padding: 0 15px 0 0;\">\n<h3>Zuverl\u00e4ssigkeit:<\/h3>\n<\/td>\n<td style=\"width: 34%; border-top-width: 0; border-right: 1px dotted #cccccc; border-bottom-width: 0; border-left-width: 0; padding: 0 15px 0 15px;\">\n<h3>Aufgaben<\/h3>\n<\/td>\n<td style=\"width: 33%; border-width: 0; padding: 0 0 0 15px;\">\n<h3>Services<\/h3>\n<\/td>\n<\/tr>\n<tr>\n<td style=\"width: 33%; border-top-width: 0; border-right: 1px dotted #cccccc; border-bottom-width: 0; border-left-width: 0; padding: 0 15px 0 0;\">\n<table style=\"width: 100%; margin: 0;\" border=\"0\" cellspacing=\"0\" cellpadding=\"0\">\n<tbody>\n<tr>\n<td style=\"border-width: 0;\"><img decoding=\"async\" class=\"\" src=\"https:\/\/westermann-netzwerke.de\/wp-content\/uploads\/2018\/01\/Zyxel_black_logotagline_transparent-300x178.png\" alt=\"\" width=\"96\" height=\"54\" \/><\/td>\n<td style=\"border-width: 0;\">Ungesch\u00fctzes Internet: Keiner sollte wissen, was Sie machen&#8230;<\/td>\n<\/tr>\n<tr>\n<td style=\"border-width: 0;\"><a href=\"http:\/\/web.cmc-td.com\/fsecure\/button\/productfinder.php?urlid=659\" target=\"_blank\" rel=\"noopener noreferrer\"><img decoding=\"async\" style=\"border: 1px solid #a0abc5;\" src=\"https:\/\/westermann-netzwerke.de\/wp-content\/uploads\/2018\/01\/f-Secure-logo-secondary-blue-rgb.png\" alt=\"\" width=\"95\" height=\"81\" \/><\/a><\/td>\n<td style=\"border-width: 0;\">Lokale Daten sind wichtig: Damit sie gesch\u00fctzt bleiben, vertrauen wir unsere Daten der Firma F-Secure an<\/td>\n<\/tr>\n<tr>\n<td style=\"border-width: 0;\"><img loading=\"lazy\" decoding=\"async\" class=\"alignright size-medium wp-image-596\" src=\"https:\/\/westermann-netzwerke.de\/wp-content\/uploads\/2022\/06\/fibaro_logo_hi-768x415-1-300x162.jpg\" alt=\"\" width=\"300\" height=\"162\" srcset=\"https:\/\/westermann-netzwerke.de\/wp-content\/uploads\/2022\/06\/fibaro_logo_hi-768x415-1-300x162.jpg 300w, https:\/\/westermann-netzwerke.de\/wp-content\/uploads\/2022\/06\/fibaro_logo_hi-768x415-1.jpg 768w\" sizes=\"(max-width: 300px) 100vw, 300px\" \/><br \/>\n<a href=\"https:\/\/www.mtrix.de\/portfolio\/yubico\/unternehmen\/\" target=\"_blank\" rel=\"noopener noreferrer\"><img loading=\"lazy\" decoding=\"async\" style=\"border: 1px solid #a0abc5;\" src=\"https:\/\/westermann-netzwerke.de\/wp-content\/uploads\/2018\/01\/mtrix.jpg\" alt=\"\" width=\"99\" height=\"22\" \/><\/a><\/td>\n<td style=\"border-width: 0;\">Lifestyle auf neuem Niveau: Nicht nur Medien-Steuerung, auch Raum- oder Konferenz-Systeme lassen sich bedienen.<\/p>\n<p>Anmelden, aber sicher: Der YubiKey erm\u00f6glicht Unternehmen eine einfache Zwei-Faktor-Authentifizierung f\u00fcr die Absicherung ihrer Gesch\u00e4ftsdaten- und Systeme.<\/td>\n<\/tr>\n<\/tbody>\n<\/table>\n<\/td>\n<td style=\"width: 34%; border-top-width: 0; border-right: 1px dotted #cccccc; border-bottom-width: 0; border-left-width: 0; padding: 0 15px 0 15px;\"><img loading=\"lazy\" decoding=\"async\" style=\"float: left;\" src=\"https:\/\/westermann-netzwerke.de\/wp-content\/uploads\/2018\/01\/004-2.png\" alt=\"\" width=\"174\" height=\"174\" \/>Unsere Aufgabe besteht darin, Ihr Problem zu verstehen, Ihnen eine L\u00f6sung zu zeigen, die Sie nachvoll-ziehen k\u00f6nnen, um sie Ihren W\u00fcnschen entsprechend umsetzen zu k\u00f6nnen. \u00a0 Wir erarbeiten L\u00f6sungen, die Ihren Anforderungen entsprechen und setzen nur das um, was auch besprochen wurde.<\/td>\n<td style=\"width: 33%; border-width: 0; padding: 0 0 0 15px;\">\n<ul>\n<li><a href=\"https:\/\/westermann-netzwerke.de\/?page_id=19\">Unabh\u00e4nige Beratung<\/a><\/li>\n<li><a href=\"https:\/\/westermann-netzwerke.de\/?page_id=20\">Haus-Automatisierung<\/a><\/li>\n<li><a href=\"https:\/\/westermann-netzwerke.de\/?page_id=21\">Speicherl\u00f6sungen<\/a><\/li>\n<li><a href=\"https:\/\/westermann-netzwerke.de\/?page_id=22\">Datensicherung<\/a><\/li>\n<li><a href=\"https:\/\/westermann-netzwerke.de\/?page_id=23\">Internet-Anbindung<\/a><\/li>\n<li><a href=\"https:\/\/westermann-netzwerke.de\/?page_id=24\">Internet-Telefonie<\/a><\/li>\n<li><a href=\"https:\/\/westermann-netzwerke.de\/?page_id=25\">Kameragest\u00fctzte \u00dcberwachung<\/a><\/li>\n<li><a href=\"https:\/\/westermann-netzwerke.de\/?page_id=26\">System- &amp; Netzwerkadministration<\/a><\/li>\n<\/ul>\n<\/td>\n<\/tr>\n<tr>\n<td style=\"width: 33%; border-top-width: 0; border-right: 1px dotted #cccccc; border-bottom-width: 0; border-left-width: 0; padding: 0 15px 0 0;\"><\/td>\n<td style=\"width: 34%; border-top-width: 0; border-right: 1px dotted #cccccc; border-bottom-width: 0; border-left-width: 0; padding: 0 15px 0 15px;\"><a href=\"mailto:info@westermann-netzwerke.de\">Anfragen<\/a><\/td>\n<td style=\"width: 33%; border-width: 0; padding: 0 0 0 15px;\"><a href=\"https:\/\/westermann-netzwerke.de\/?page_id=32\">Kontakt<\/a><\/td>\n<\/tr>\n<\/tbody>\n<\/table>\n<table style=\"width: 100%;\" border=\"0\" cellspacing=\"0\" cellpadding=\"0\">\n<tbody>\n<tr>\n<td style=\"width: 33%; border-width: 0;\">\n<h3><\/h3>\n<\/td>\n<td style=\"background-color: #cccccc; padding-right: 20px; padding-bottom: 0; padding-left: 20px; border-width: 0;\">Dienstleistung die Spass machen soll&#8230; Das sagt Wikipedia:\u00a0 Eine Dienstleistung (Synonym: Service) im Sinne der Volkswirtschaftslehre ist ein \u00f6konomisches Gut, bei dem im Unterschied zur Ware nicht die materielle Produktion oder der materielle Wert eines Endproduktes im Vordergrund steht, sondern eine von einer nat\u00fcrlichen oder einer juristischen Person zu einem Zeitpunkt oder in einem Zeitrahmen erbrachte Leistung zur Deckung eines Bedarfs. Der Erbringer einer solchen Leistung wird als Dienstleister bezeichnet.<\/td>\n<\/tr>\n<tr>\n<td style=\"width: 33%; border-width: 0;\"><img loading=\"lazy\" decoding=\"async\" src=\"https:\/\/westermann-netzwerke.de\/wp-content\/uploads\/2020\/04\/Unknown.png\" alt=\"\" width=\"142\" height=\"141\" \/><\/td>\n<td style=\"text-align: right; border-width: 0; padding: 0;\"><a href=\"https:\/\/volksverschluesselung.de\"><img loading=\"lazy\" decoding=\"async\" src=\"https:\/\/westermann-netzwerke.de\/wp-content\/uploads\/2019\/11\/Volksverschluesselung-Banner-EMail-02-300x109.png\" alt=\"\" width=\"193\" height=\"70\" \/><\/a><img loading=\"lazy\" decoding=\"async\" style=\"margin: 0;\" src=\"https:\/\/westermann-netzwerke.de\/wp-content\/uploads\/2018\/01\/bottom.png\" alt=\"\" width=\"118\" height=\"56\" \/><\/td>\n<\/tr>\n<\/tbody>\n<\/table>\n","protected":false},"excerpt":{"rendered":"<p>Wir bieten Umstellung auf: Home-Arbeitspl\u00e4tze Konferenzl\u00f6sungen Fernzugriff Fernwartung zu g\u00fcnstigen Konditionen Zuverl\u00e4ssigkeit: Aufgaben Services Ungesch\u00fctzes Internet: Keiner sollte wissen, was Sie machen&#8230; Lokale Daten sind wichtig: Damit sie gesch\u00fctzt bleiben, vertrauen wir unsere Daten der Firma F-Secure an Lifestyle auf neuem Niveau: Nicht nur Medien-Steuerung, auch Raum- oder Konferenz-Systeme lassen sich bedienen. Anmelden, aber sicher: [&hellip;]<\/p>\n","protected":false},"author":1,"featured_media":0,"parent":0,"menu_order":1,"comment_status":"closed","ping_status":"closed","template":"","meta":{"footnotes":""},"class_list":["post-18","page","type-page","status-publish","hentry"],"_links":{"self":[{"href":"https:\/\/westermann-netzwerke.de\/index.php?rest_route=\/wp\/v2\/pages\/18","targetHints":{"allow":["GET"]}}],"collection":[{"href":"https:\/\/westermann-netzwerke.de\/index.php?rest_route=\/wp\/v2\/pages"}],"about":[{"href":"https:\/\/westermann-netzwerke.de\/index.php?rest_route=\/wp\/v2\/types\/page"}],"author":[{"embeddable":true,"href":"https:\/\/westermann-netzwerke.de\/index.php?rest_route=\/wp\/v2\/users\/1"}],"replies":[{"embeddable":true,"href":"https:\/\/westermann-netzwerke.de\/index.php?rest_route=%2Fwp%2Fv2%2Fcomments&post=18"}],"version-history":[{"count":40,"href":"https:\/\/westermann-netzwerke.de\/index.php?rest_route=\/wp\/v2\/pages\/18\/revisions"}],"predecessor-version":[{"id":597,"href":"https:\/\/westermann-netzwerke.de\/index.php?rest_route=\/wp\/v2\/pages\/18\/revisions\/597"}],"wp:attachment":[{"href":"https:\/\/westermann-netzwerke.de\/index.php?rest_route=%2Fwp%2Fv2%2Fmedia&parent=18"}],"curies":[{"name":"wp","href":"https:\/\/api.w.org\/{rel}","templated":true}]}}