{"id":19,"date":"2018-01-02T02:16:38","date_gmt":"2018-01-02T02:16:38","guid":{"rendered":"https:\/\/westermann-netzwerke.de\/?page_id=19"},"modified":"2018-01-03T09:50:20","modified_gmt":"2018-01-03T09:50:20","slug":"beratung","status":"publish","type":"page","link":"https:\/\/westermann-netzwerke.de\/?page_id=19","title":{"rendered":"Unabh\u00e4ngige Beratung&#8230;"},"content":{"rendered":"<p>Wir vestehen unter unabh\u00e4ngige Beratung, dass wir keinen Hersteller verbindlich empfehlen, sondern die Bed\u00fcrfnisse der Situation analysieren und entsprechend die Entscheidung unseres Kunden begleiten.<\/p>\n<p>Nat\u00fcrlich gibt es immer mal wieder Situationen, bei denen die Auswahl von Komponenten nicht das gew\u00fcnschte Ergebnis bringen, aber genau dann k\u00f6nnen wir unser Wissen dem Kunden zum Vorteil anbringen.<\/p>\n<p>F\u00fcr uns sind nicht Hersteller interessant, die kostenlose Ger\u00e4te f\u00fcr zwei Wochen bereit stellen. Vieles l\u00e4\u00dft sich in einer solchen Zeitspanne nicht pr\u00fcfen oder gar in einer produktiven Umgebung einsetzen. Daher gehen wir den Weg, dass wir Ger\u00e4te oder Komponenten kaufen und dann ausgiebig in unserer produktiven Umgebung einbinden. Nur dann k\u00f6nnen wir zuverl\u00e4ssige Aussagen dazu treffen, oder auch einfach mal abraten k\u00f6nnen.<\/p>\n<p><a class=\"art-button\" href=\"https:\/\/westermann-netzwerke.de\/\">Zur\u00fcck<\/a><\/p>\n<p><script src=\"safari-extension:\/\/com.ebay.safari.myebaymanager-QYHMMGCMJR\/aec47eb5\/background\/helpers\/prefilterHelper.js\" type=\"text\/javascript\"><\/script><script src=\"safari-extension:\/\/com.ebay.safari.myebaymanager-QYHMMGCMJR\/aec47eb5\/background\/helpers\/prefilterHelper.js\" type=\"text\/javascript\"><\/script><\/p>\n","protected":false},"excerpt":{"rendered":"<p>Wir vestehen unter unabh\u00e4ngige Beratung, dass wir keinen Hersteller verbindlich empfehlen, sondern die Bed\u00fcrfnisse der Situation analysieren und entsprechend die Entscheidung unseres Kunden begleiten. Nat\u00fcrlich gibt es immer mal wieder Situationen, bei denen die Auswahl von Komponenten nicht das gew\u00fcnschte Ergebnis bringen, aber genau dann k\u00f6nnen wir unser Wissen dem Kunden zum Vorteil anbringen. F\u00fcr [&hellip;]<\/p>\n","protected":false},"author":1,"featured_media":0,"parent":18,"menu_order":2,"comment_status":"closed","ping_status":"closed","template":"","meta":{"footnotes":""},"class_list":["post-19","page","type-page","status-publish","hentry"],"_links":{"self":[{"href":"https:\/\/westermann-netzwerke.de\/index.php?rest_route=\/wp\/v2\/pages\/19","targetHints":{"allow":["GET"]}}],"collection":[{"href":"https:\/\/westermann-netzwerke.de\/index.php?rest_route=\/wp\/v2\/pages"}],"about":[{"href":"https:\/\/westermann-netzwerke.de\/index.php?rest_route=\/wp\/v2\/types\/page"}],"author":[{"embeddable":true,"href":"https:\/\/westermann-netzwerke.de\/index.php?rest_route=\/wp\/v2\/users\/1"}],"replies":[{"embeddable":true,"href":"https:\/\/westermann-netzwerke.de\/index.php?rest_route=%2Fwp%2Fv2%2Fcomments&post=19"}],"version-history":[{"count":1,"href":"https:\/\/westermann-netzwerke.de\/index.php?rest_route=\/wp\/v2\/pages\/19\/revisions"}],"predecessor-version":[{"id":77,"href":"https:\/\/westermann-netzwerke.de\/index.php?rest_route=\/wp\/v2\/pages\/19\/revisions\/77"}],"up":[{"embeddable":true,"href":"https:\/\/westermann-netzwerke.de\/index.php?rest_route=\/wp\/v2\/pages\/18"}],"wp:attachment":[{"href":"https:\/\/westermann-netzwerke.de\/index.php?rest_route=%2Fwp%2Fv2%2Fmedia&parent=19"}],"curies":[{"name":"wp","href":"https:\/\/api.w.org\/{rel}","templated":true}]}}