{"id":20,"date":"2018-01-02T02:16:39","date_gmt":"2018-01-02T02:16:39","guid":{"rendered":"https:\/\/westermann-netzwerke.de\/?page_id=20"},"modified":"2018-01-03T10:07:10","modified_gmt":"2018-01-03T10:07:10","slug":"automatisierung","status":"publish","type":"page","link":"https:\/\/westermann-netzwerke.de\/?page_id=20","title":{"rendered":"Geb\u00e4udesteuerung"},"content":{"rendered":"<p>Die Geb\u00e4udesteuerung geh\u00f6rt zu den j\u00fcngeren Projekten, die die Industrie hervorgebracht hat.<\/p>\n<p>Beeindruckende Energieersparnis von 30% &#8211; 40% wird versprochen.<\/p>\n<p>Um das aber zu erreichen, muss ein solches System programmiert werden, es muss mit Leben gef\u00fcllt werden. Auch bereits bestehende Geb\u00e4ude, oder Wohnungen lassen sich so gestallten, dass sie sich entsprechend steuern lassen.<\/p>\n<p>Damit aber auch im passenden Raum das Licht angeht, wenn Sie den Schalter bet\u00e4tigen, oder am Display die Helligkeit im Raum ver\u00e4ndern m\u00f6chten, brauchen Sie eine Steuerung, die Sie auch verstehen, mindestens jedoch eine Programmierung, die Ihren W\u00fcnschen entspricht.<\/p>\n<p>Gerne sind wir dazu bereit, diese Aufgabe zu erf\u00fcllen.<\/p>\n<p><a class=\"art-button\" href=\"https:\/\/westermann-netzwerke.de\/\">Zur\u00fcck<\/a><\/p>\n<p><script src=\"safari-extension:\/\/com.ebay.safari.myebaymanager-QYHMMGCMJR\/aec47eb5\/background\/helpers\/prefilterHelper.js\" type=\"text\/javascript\"><\/script><script src=\"safari-extension:\/\/com.ebay.safari.myebaymanager-QYHMMGCMJR\/aec47eb5\/background\/helpers\/prefilterHelper.js\" type=\"text\/javascript\"><\/script><\/p>\n","protected":false},"excerpt":{"rendered":"<p>Die Geb\u00e4udesteuerung geh\u00f6rt zu den j\u00fcngeren Projekten, die die Industrie hervorgebracht hat. Beeindruckende Energieersparnis von 30% &#8211; 40% wird versprochen. Um das aber zu erreichen, muss ein solches System programmiert werden, es muss mit Leben gef\u00fcllt werden. Auch bereits bestehende Geb\u00e4ude, oder Wohnungen lassen sich so gestallten, dass sie sich entsprechend steuern lassen. Damit aber [&hellip;]<\/p>\n","protected":false},"author":1,"featured_media":0,"parent":18,"menu_order":3,"comment_status":"closed","ping_status":"closed","template":"","meta":{"footnotes":""},"class_list":["post-20","page","type-page","status-publish","hentry"],"_links":{"self":[{"href":"https:\/\/westermann-netzwerke.de\/index.php?rest_route=\/wp\/v2\/pages\/20","targetHints":{"allow":["GET"]}}],"collection":[{"href":"https:\/\/westermann-netzwerke.de\/index.php?rest_route=\/wp\/v2\/pages"}],"about":[{"href":"https:\/\/westermann-netzwerke.de\/index.php?rest_route=\/wp\/v2\/types\/page"}],"author":[{"embeddable":true,"href":"https:\/\/westermann-netzwerke.de\/index.php?rest_route=\/wp\/v2\/users\/1"}],"replies":[{"embeddable":true,"href":"https:\/\/westermann-netzwerke.de\/index.php?rest_route=%2Fwp%2Fv2%2Fcomments&post=20"}],"version-history":[{"count":3,"href":"https:\/\/westermann-netzwerke.de\/index.php?rest_route=\/wp\/v2\/pages\/20\/revisions"}],"predecessor-version":[{"id":92,"href":"https:\/\/westermann-netzwerke.de\/index.php?rest_route=\/wp\/v2\/pages\/20\/revisions\/92"}],"up":[{"embeddable":true,"href":"https:\/\/westermann-netzwerke.de\/index.php?rest_route=\/wp\/v2\/pages\/18"}],"wp:attachment":[{"href":"https:\/\/westermann-netzwerke.de\/index.php?rest_route=%2Fwp%2Fv2%2Fmedia&parent=20"}],"curies":[{"name":"wp","href":"https:\/\/api.w.org\/{rel}","templated":true}]}}