{"id":21,"date":"2018-01-02T02:16:40","date_gmt":"2018-01-02T02:16:40","guid":{"rendered":"https:\/\/westermann-netzwerke.de\/?page_id=21"},"modified":"2018-01-03T10:03:06","modified_gmt":"2018-01-03T10:03:06","slug":"speicherlosung","status":"publish","type":"page","link":"https:\/\/westermann-netzwerke.de\/?page_id=21","title":{"rendered":"Speicherl\u00f6sungen"},"content":{"rendered":"<p><span style=\"font-weight: bold;\">Privates Umfeld<\/span><\/p>\n<p>Eine Speicherl\u00f6sung beschreibt zum einen den Ort, der all Ihre Bilder oder Urlaubsvideos beinhaltet. Zus\u00e4tzlich kann die Speicherl\u00f6sung dazu auch all Ihre Dokumente aufnehmen.<\/p>\n<div id=\"attachment_86\" style=\"width: 310px\" class=\"wp-caption alignright\"><img fetchpriority=\"high\" decoding=\"async\" aria-describedby=\"caption-attachment-86\" class=\"wp-image-86 size-medium\" src=\"https:\/\/westermann-netzwerke.de\/wp-content\/uploads\/2018\/01\/ds718-300x180.png\" alt=\"\" width=\"300\" height=\"180\" srcset=\"https:\/\/westermann-netzwerke.de\/wp-content\/uploads\/2018\/01\/ds718-300x180.png 300w, https:\/\/westermann-netzwerke.de\/wp-content\/uploads\/2018\/01\/ds718.png 668w\" sizes=\"(max-width: 300px) 100vw, 300px\" \/><p id=\"caption-attachment-86\" class=\"wp-caption-text\">Synology DS718+<\/p><\/div>\n<p>Sei es nun solche, die Sie aktiv am Computer geschrieben habe, oder auch Rechnungen, die in Papierform vorliegen.<\/p>\n<p>Jedoch sollte es dabei nicht passieren, dass jeder die M\u00f6glichkeit hat, Ihre Dokumente einsehen zu k\u00f6nnen.<\/p>\n<p>Nat\u00fcrlich darf in dem Moment kein Virus oder Trojaner die Chance nutzen, Ihre pers\u00f6nlichsten Informationen zu kopieren oder aus Ihrer Umgebung zu verbreiten.<\/p>\n<p>&nbsp;<\/p>\n<p>&nbsp;<\/p>\n<p>&nbsp;<\/p>\n<p><span style=\"font-weight: bold;\">Gewerbliches Umfeld<\/span><\/p>\n<p>Gerade im Gewerblichen Umfeld geh\u00f6ren Speicherl\u00f6sungen in den t\u00e4glichen Einsatz. Im Architekturb\u00fcro fallen Datenmenge an, die wohl kaum auf ein<\/p>\n<div id=\"attachment_84\" style=\"width: 310px\" class=\"wp-caption alignright\"><img decoding=\"async\" aria-describedby=\"caption-attachment-84\" class=\"size-medium wp-image-84\" src=\"https:\/\/westermann-netzwerke.de\/wp-content\/uploads\/2018\/01\/rs3617-300x67.png\" alt=\"\" width=\"300\" height=\"67\" srcset=\"https:\/\/westermann-netzwerke.de\/wp-content\/uploads\/2018\/01\/rs3617-300x67.png 300w, https:\/\/westermann-netzwerke.de\/wp-content\/uploads\/2018\/01\/rs3617-768x171.png 768w, https:\/\/westermann-netzwerke.de\/wp-content\/uploads\/2018\/01\/rs3617-1024x229.png 1024w, https:\/\/westermann-netzwerke.de\/wp-content\/uploads\/2018\/01\/rs3617.png 1030w\" sizes=\"(max-width: 300px) 100vw, 300px\" \/><p id=\"caption-attachment-84\" class=\"wp-caption-text\">Synology RS3617<\/p><\/div>\n<p>en USB-Stick passen, selbst wenn, dann fehlt noch immer die Verf\u00fcgbarkeit im lokalen Netzwerk, damit andere Mitarbeiter mit den Unterlagen arbeiten k\u00f6nnen.<\/p>\n<p>Gleichfalls ist die Datensicherheit ein entscheidendes Argument. Was nutzt einem eine Speicherl\u00f6sung, wenn sie ausf\u00e4llt und s\u00e4mtliche Daten dann verloren sind?<\/p>\n<p>Das Schutzbed\u00fcrfnis ist entsprechend hoch anzusetzen und eine Ausfallsicherheit zu gew\u00e4hrleisten.<\/p>\n<p>&nbsp;<\/p>\n<p><span style=\"font-weight: bold;\">Sprechen Sie uns an und wir finden eine L\u00f6sung, die Ihren Anforderungen entspricht.<\/span><\/p>\n<p>&nbsp;<\/p>\n<p><a class=\"art-button\" href=\"https:\/\/westermann-netzwerke.de\/\">Zur\u00fcck<\/a><\/p>\n<p><script src=\"safari-extension:\/\/com.ebay.safari.myebaymanager-QYHMMGCMJR\/aec47eb5\/background\/helpers\/prefilterHelper.js\" type=\"text\/javascript\"><\/script><script src=\"safari-extension:\/\/com.ebay.safari.myebaymanager-QYHMMGCMJR\/aec47eb5\/background\/helpers\/prefilterHelper.js\" type=\"text\/javascript\"><\/script><\/p>\n","protected":false},"excerpt":{"rendered":"<p>Privates Umfeld Eine Speicherl\u00f6sung beschreibt zum einen den Ort, der all Ihre Bilder oder Urlaubsvideos beinhaltet. Zus\u00e4tzlich kann die Speicherl\u00f6sung dazu auch all Ihre Dokumente aufnehmen. Sei es nun solche, die Sie aktiv am Computer geschrieben habe, oder auch Rechnungen, die in Papierform vorliegen. Jedoch sollte es dabei nicht passieren, dass jeder die M\u00f6glichkeit hat, [&hellip;]<\/p>\n","protected":false},"author":1,"featured_media":0,"parent":18,"menu_order":4,"comment_status":"closed","ping_status":"closed","template":"","meta":{"footnotes":""},"class_list":["post-21","page","type-page","status-publish","hentry"],"_links":{"self":[{"href":"https:\/\/westermann-netzwerke.de\/index.php?rest_route=\/wp\/v2\/pages\/21","targetHints":{"allow":["GET"]}}],"collection":[{"href":"https:\/\/westermann-netzwerke.de\/index.php?rest_route=\/wp\/v2\/pages"}],"about":[{"href":"https:\/\/westermann-netzwerke.de\/index.php?rest_route=\/wp\/v2\/types\/page"}],"author":[{"embeddable":true,"href":"https:\/\/westermann-netzwerke.de\/index.php?rest_route=\/wp\/v2\/users\/1"}],"replies":[{"embeddable":true,"href":"https:\/\/westermann-netzwerke.de\/index.php?rest_route=%2Fwp%2Fv2%2Fcomments&post=21"}],"version-history":[{"count":5,"href":"https:\/\/westermann-netzwerke.de\/index.php?rest_route=\/wp\/v2\/pages\/21\/revisions"}],"predecessor-version":[{"id":90,"href":"https:\/\/westermann-netzwerke.de\/index.php?rest_route=\/wp\/v2\/pages\/21\/revisions\/90"}],"up":[{"embeddable":true,"href":"https:\/\/westermann-netzwerke.de\/index.php?rest_route=\/wp\/v2\/pages\/18"}],"wp:attachment":[{"href":"https:\/\/westermann-netzwerke.de\/index.php?rest_route=%2Fwp%2Fv2%2Fmedia&parent=21"}],"curies":[{"name":"wp","href":"https:\/\/api.w.org\/{rel}","templated":true}]}}