{"id":22,"date":"2018-01-02T02:16:41","date_gmt":"2018-01-02T02:16:41","guid":{"rendered":"https:\/\/westermann-netzwerke.de\/?page_id=22"},"modified":"2018-11-12T16:43:23","modified_gmt":"2018-11-12T16:43:23","slug":"datensicherung","status":"publish","type":"page","link":"https:\/\/westermann-netzwerke.de\/?page_id=22","title":{"rendered":"Datensicherung"},"content":{"rendered":"<p><img decoding=\"async\" class=\"size-medium wp-image-103 alignleft\" src=\"https:\/\/westermann-netzwerke.de\/wp-content\/uploads\/2018\/01\/Partner_Primary_Blue_RGB-01-300x118.jpg\" alt=\"\" width=\"300\" height=\"118\" srcset=\"https:\/\/westermann-netzwerke.de\/wp-content\/uploads\/2018\/01\/Partner_Primary_Blue_RGB-01-300x118.jpg 300w, https:\/\/westermann-netzwerke.de\/wp-content\/uploads\/2018\/01\/Partner_Primary_Blue_RGB-01-768x302.jpg 768w, https:\/\/westermann-netzwerke.de\/wp-content\/uploads\/2018\/01\/Partner_Primary_Blue_RGB-01-1024x402.jpg 1024w\" sizes=\"(max-width: 300px) 100vw, 300px\" \/>Die im Computer gespeicherten Daten sind dem Benutzer grunds\u00e4tzlich wichtig. Dabei spielt es kaum eine Rolle, ob es sich dabei um gewerbliche oder private Daten handelt. Der Verlust mag zwar existenzgef\u00e4hrdend sein, dennoch ist ein Verlust auf beiden Seiten nicht zu akzeptieren.<\/p>\n<p>Wir bieten Ihnen L\u00f6sungen an, die Ihre Daten nach den entsprechenden Bed\u00fcrfnissen, oder gesetzlichen Vorgaben, entsprechen.<\/p>\n<p>Unsere bisherigen Erfahrungen zeigen, dass schon ein Ausfall von einem Arbeitstag im gewerblichen Umfeld Millionen kosten kann. Auch diesen Bereich k\u00f6nnen wir abdecken und finden auch hier eine akzeptabele L\u00f6sung.<\/p>\n<p>&nbsp;<\/p>\n<p><a class=\"art-button\" href=\"https:\/\/westermann-netzwerke.de\/\">Zur\u00fcck<\/a><\/p>\n<p><script src=\"safari-extension:\/\/com.ebay.safari.myebaymanager-QYHMMGCMJR\/aec47eb5\/background\/helpers\/prefilterHelper.js\" type=\"text\/javascript\"><\/script><script src=\"safari-extension:\/\/com.ebay.safari.myebaymanager-QYHMMGCMJR\/aec47eb5\/background\/helpers\/prefilterHelper.js\" type=\"text\/javascript\"><\/script><\/p>\n<p><script src=\"safari-extension:\/\/com.ebay.safari.myebaymanager-QYHMMGCMJR\/aec47eb5\/background\/helpers\/prefilterHelper.js\" type=\"text\/javascript\"><\/script><script src=\"safari-extension:\/\/com.ebay.safari.myebaymanager-QYHMMGCMJR\/aec47eb5\/background\/helpers\/prefilterHelper.js\" type=\"text\/javascript\"><\/script><\/p>\n<p><script src=\"safari-extension:\/\/com.ebay.safari.myebaymanager-QYHMMGCMJR\/f339d4e\/background\/helpers\/prefilterHelper.js\" type=\"text\/javascript\"><\/script><script src=\"safari-extension:\/\/com.ebay.safari.myebaymanager-QYHMMGCMJR\/f339d4e\/background\/helpers\/prefilterHelper.js\" type=\"text\/javascript\"><\/script><\/p>\n","protected":false},"excerpt":{"rendered":"<p>Die im Computer gespeicherten Daten sind dem Benutzer grunds\u00e4tzlich wichtig. Dabei spielt es kaum eine Rolle, ob es sich dabei um gewerbliche oder private Daten handelt. Der Verlust mag zwar existenzgef\u00e4hrdend sein, dennoch ist ein Verlust auf beiden Seiten nicht zu akzeptieren. Wir bieten Ihnen L\u00f6sungen an, die Ihre Daten nach den entsprechenden Bed\u00fcrfnissen, oder [&hellip;]<\/p>\n","protected":false},"author":1,"featured_media":0,"parent":18,"menu_order":5,"comment_status":"closed","ping_status":"closed","template":"","meta":{"footnotes":""},"class_list":["post-22","page","type-page","status-publish","hentry"],"_links":{"self":[{"href":"https:\/\/westermann-netzwerke.de\/index.php?rest_route=\/wp\/v2\/pages\/22","targetHints":{"allow":["GET"]}}],"collection":[{"href":"https:\/\/westermann-netzwerke.de\/index.php?rest_route=\/wp\/v2\/pages"}],"about":[{"href":"https:\/\/westermann-netzwerke.de\/index.php?rest_route=\/wp\/v2\/types\/page"}],"author":[{"embeddable":true,"href":"https:\/\/westermann-netzwerke.de\/index.php?rest_route=\/wp\/v2\/users\/1"}],"replies":[{"embeddable":true,"href":"https:\/\/westermann-netzwerke.de\/index.php?rest_route=%2Fwp%2Fv2%2Fcomments&post=22"}],"version-history":[{"count":5,"href":"https:\/\/westermann-netzwerke.de\/index.php?rest_route=\/wp\/v2\/pages\/22\/revisions"}],"predecessor-version":[{"id":147,"href":"https:\/\/westermann-netzwerke.de\/index.php?rest_route=\/wp\/v2\/pages\/22\/revisions\/147"}],"up":[{"embeddable":true,"href":"https:\/\/westermann-netzwerke.de\/index.php?rest_route=\/wp\/v2\/pages\/18"}],"wp:attachment":[{"href":"https:\/\/westermann-netzwerke.de\/index.php?rest_route=%2Fwp%2Fv2%2Fmedia&parent=22"}],"curies":[{"name":"wp","href":"https:\/\/api.w.org\/{rel}","templated":true}]}}