{"id":24,"date":"2018-01-02T02:16:43","date_gmt":"2018-01-02T02:16:43","guid":{"rendered":"https:\/\/westermann-netzwerke.de\/?page_id=24"},"modified":"2019-09-25T08:33:58","modified_gmt":"2019-09-25T08:33:58","slug":"voip","status":"publish","type":"page","link":"https:\/\/westermann-netzwerke.de\/?page_id=24","title":{"rendered":"Internet-Telefonie, VoIP \/ All-IP"},"content":{"rendered":"<p><img decoding=\"async\" class=\"size-full wp-image-207 alignleft\" src=\"https:\/\/westermann-netzwerke.de\/wp-content\/uploads\/2019\/09\/easybell-Partnerlogo_web.png\" alt=\"\" width=\"201\" height=\"91\" \/><br \/>\nEs ist soweit, das altbew\u00e4hrte Telefonnetz ISDN wird abgeschaltet.<\/p>\n<p>Genauer gesagt, bis Ende 2017 haben die meisten Anbieter Ihren Kunden eine \u00c4nderungsk\u00fcndigung zukommen lassen. Dabei geht es darum, dass die bew\u00e4hrte Technik ISDN gegen einen Internet-tauglichen Telefonanschlu\u00df ausgetauscht werden soll.<\/p>\n<p>Ob das nun Sinn macht, oder doch lieber das geliebte ISDN erhalten bleiben sollte, diese Unterhalteung ist m\u00fc\u00dfig.<\/p>\n<p>Die Technik wird so oder so kommen.<a href=\"https:\/\/www.yeastar.com\/academy\/certification-verification\/\"><img decoding=\"async\" class=\"alignright wp-image-201\" src=\"https:\/\/westermann-netzwerke.de\/wp-content\/uploads\/2019\/09\/190X165_YSCT_2.png\" alt=\"\" width=\"157\" height=\"136\" \/><\/a><\/p>\n<p>Um eben diesen \u00dcbergang so leicht und einfach zu gestalten, helfen wir Ihnen gerne bei der Umsetzung. Es ist f\u00fcr uns irrelevant, ob Sie nun als Privatperson oder als gewerblicher Nutzer an uns herantreten.<\/p>\n<p>Auch gro\u00dfe Telefoniel\u00f6sungen bieten wir selbstverst\u00e4ndlich an.<\/p>\n<p><a class=\"art-button\" href=\"https:\/\/westermann-netzwerke.de\/\">Zur\u00fcck<\/a><\/p>\n","protected":false},"excerpt":{"rendered":"<p>Es ist soweit, das altbew\u00e4hrte Telefonnetz ISDN wird abgeschaltet. Genauer gesagt, bis Ende 2017 haben die meisten Anbieter Ihren Kunden eine \u00c4nderungsk\u00fcndigung zukommen lassen. Dabei geht es darum, dass die bew\u00e4hrte Technik ISDN gegen einen Internet-tauglichen Telefonanschlu\u00df ausgetauscht werden soll. Ob das nun Sinn macht, oder doch lieber das geliebte ISDN erhalten bleiben sollte, diese [&hellip;]<\/p>\n","protected":false},"author":1,"featured_media":0,"parent":18,"menu_order":7,"comment_status":"closed","ping_status":"closed","template":"","meta":{"footnotes":""},"class_list":["post-24","page","type-page","status-publish","hentry"],"_links":{"self":[{"href":"https:\/\/westermann-netzwerke.de\/index.php?rest_route=\/wp\/v2\/pages\/24","targetHints":{"allow":["GET"]}}],"collection":[{"href":"https:\/\/westermann-netzwerke.de\/index.php?rest_route=\/wp\/v2\/pages"}],"about":[{"href":"https:\/\/westermann-netzwerke.de\/index.php?rest_route=\/wp\/v2\/types\/page"}],"author":[{"embeddable":true,"href":"https:\/\/westermann-netzwerke.de\/index.php?rest_route=\/wp\/v2\/users\/1"}],"replies":[{"embeddable":true,"href":"https:\/\/westermann-netzwerke.de\/index.php?rest_route=%2Fwp%2Fv2%2Fcomments&post=24"}],"version-history":[{"count":10,"href":"https:\/\/westermann-netzwerke.de\/index.php?rest_route=\/wp\/v2\/pages\/24\/revisions"}],"predecessor-version":[{"id":212,"href":"https:\/\/westermann-netzwerke.de\/index.php?rest_route=\/wp\/v2\/pages\/24\/revisions\/212"}],"up":[{"embeddable":true,"href":"https:\/\/westermann-netzwerke.de\/index.php?rest_route=\/wp\/v2\/pages\/18"}],"wp:attachment":[{"href":"https:\/\/westermann-netzwerke.de\/index.php?rest_route=%2Fwp%2Fv2%2Fmedia&parent=24"}],"curies":[{"name":"wp","href":"https:\/\/api.w.org\/{rel}","templated":true}]}}