{"id":25,"date":"2018-01-02T02:16:44","date_gmt":"2018-01-02T02:16:44","guid":{"rendered":"https:\/\/westermann-netzwerke.de\/?page_id=25"},"modified":"2019-09-25T08:15:27","modified_gmt":"2019-09-25T08:15:27","slug":"kamera","status":"publish","type":"page","link":"https:\/\/westermann-netzwerke.de\/?page_id=25","title":{"rendered":"Kamera-Gest\u00fctze \u00dcberwachung"},"content":{"rendered":"<p><img decoding=\"async\" class=\"size-full wp-image-203 alignleft\" src=\"https:\/\/westermann-netzwerke.de\/wp-content\/uploads\/2019\/09\/logo.png\" alt=\"\" width=\"230\" height=\"42\" \/><\/p>\n<p>Wir bieten keinen Diebstahlschutz an. Jedoch die \u00dcberwachung und Aufkl\u00e4rung k\u00f6nnen wir ma\u00dfgeblich unterst\u00fctzen. Nat\u00fcrlich handeln wir im Sinne des BDSG, es wird sicherlich keine Kamera-\u00dcberwachung dort montiert, wo Mitarbeiter offensichtlich einer Leistungs\u00fcberwachung ausgesetzt sind, oder auch nicht in Sozialr\u00e4umen der Mitarbeiter.<\/p>\n<p>Grunds\u00e4tzlich schreibt der Gesetzgeber jedoch, dass eine \u00dcberwachung erlaubt ist, wenn das Interesse des Unternehmers \u00fcberwiegt und keiner Leistungskontrolle vorliegt. Diesem Grundsatz entsprechend, unterst\u00fctzen wir gerne Unternehmen dabei einen Ladendiebstahl, oder Einbruch, durch Kameratechnik aufzukl\u00e4ren.<\/p>\n<p><a class=\"art-button\" href=\"https:\/\/westermann-netzwerke.de\/\">Zur\u00fcck<\/a><\/p>\n","protected":false},"excerpt":{"rendered":"<p>Wir bieten keinen Diebstahlschutz an. Jedoch die \u00dcberwachung und Aufkl\u00e4rung k\u00f6nnen wir ma\u00dfgeblich unterst\u00fctzen. Nat\u00fcrlich handeln wir im Sinne des BDSG, es wird sicherlich keine Kamera-\u00dcberwachung dort montiert, wo Mitarbeiter offensichtlich einer Leistungs\u00fcberwachung ausgesetzt sind, oder auch nicht in Sozialr\u00e4umen der Mitarbeiter. Grunds\u00e4tzlich schreibt der Gesetzgeber jedoch, dass eine \u00dcberwachung erlaubt ist, wenn das Interesse [&hellip;]<\/p>\n","protected":false},"author":1,"featured_media":0,"parent":18,"menu_order":8,"comment_status":"closed","ping_status":"closed","template":"","meta":{"footnotes":""},"class_list":["post-25","page","type-page","status-publish","hentry"],"_links":{"self":[{"href":"https:\/\/westermann-netzwerke.de\/index.php?rest_route=\/wp\/v2\/pages\/25","targetHints":{"allow":["GET"]}}],"collection":[{"href":"https:\/\/westermann-netzwerke.de\/index.php?rest_route=\/wp\/v2\/pages"}],"about":[{"href":"https:\/\/westermann-netzwerke.de\/index.php?rest_route=\/wp\/v2\/types\/page"}],"author":[{"embeddable":true,"href":"https:\/\/westermann-netzwerke.de\/index.php?rest_route=\/wp\/v2\/users\/1"}],"replies":[{"embeddable":true,"href":"https:\/\/westermann-netzwerke.de\/index.php?rest_route=%2Fwp%2Fv2%2Fcomments&post=25"}],"version-history":[{"count":6,"href":"https:\/\/westermann-netzwerke.de\/index.php?rest_route=\/wp\/v2\/pages\/25\/revisions"}],"predecessor-version":[{"id":205,"href":"https:\/\/westermann-netzwerke.de\/index.php?rest_route=\/wp\/v2\/pages\/25\/revisions\/205"}],"up":[{"embeddable":true,"href":"https:\/\/westermann-netzwerke.de\/index.php?rest_route=\/wp\/v2\/pages\/18"}],"wp:attachment":[{"href":"https:\/\/westermann-netzwerke.de\/index.php?rest_route=%2Fwp%2Fv2%2Fmedia&parent=25"}],"curies":[{"name":"wp","href":"https:\/\/api.w.org\/{rel}","templated":true}]}}