{"id":26,"date":"2018-01-02T02:16:45","date_gmt":"2018-01-02T02:16:45","guid":{"rendered":"https:\/\/westermann-netzwerke.de\/?page_id=26"},"modified":"2018-11-12T16:49:48","modified_gmt":"2018-11-12T16:49:48","slug":"administration","status":"publish","type":"page","link":"https:\/\/westermann-netzwerke.de\/?page_id=26","title":{"rendered":"System- &#038; Netzwerk-Administration"},"content":{"rendered":"<p>Ihr Netzwerk l\u00e4uft &#8222;nicht rund&#8220;, Ihr System bedarf einer \u00dcberholung oder Erneuerung?<\/p>\n<p>Gerne erstellen wir eine Bedarfsplanung und setzen Ihre W\u00fcnsche so um, damit ein zufriedenstellendes Ergebniss dabei herauskommt.<\/p>\n<p>Oder wir begleiten Sie einfach dabei, dass Ihre EDV-Umgebung auf den neusten Stand gebracht wird. Nichts ist schlimmer, als wenn Sie sich aus Ihrem Fachbereich herausbegeben m\u00fcssen, in einer Umgebung die Sie aber nur nutzen m\u00f6chten.<\/p>\n<p>Da sind wir dann gerne bereit Sie so zu unterst\u00fctzen, dass Sie Ihre Aufgaben wieder z\u00fcgig und zuvberl\u00e4ssig erf\u00fcllen k\u00f6nnen.<\/p>\n<p>&nbsp;<\/p>\n<p><a class=\"art-button\" href=\"https:\/\/westermann-netzwerke.de\/\">Zur\u00fcck<\/a><\/p>\n<p><script src=\"safari-extension:\/\/com.ebay.safari.myebaymanager-QYHMMGCMJR\/f339d4e\/background\/helpers\/prefilterHelper.js\" type=\"text\/javascript\"><\/script><script src=\"safari-extension:\/\/com.ebay.safari.myebaymanager-QYHMMGCMJR\/f339d4e\/background\/helpers\/prefilterHelper.js\" type=\"text\/javascript\"><\/script><\/p>\n","protected":false},"excerpt":{"rendered":"<p>Ihr Netzwerk l\u00e4uft &#8222;nicht rund&#8220;, Ihr System bedarf einer \u00dcberholung oder Erneuerung? Gerne erstellen wir eine Bedarfsplanung und setzen Ihre W\u00fcnsche so um, damit ein zufriedenstellendes Ergebniss dabei herauskommt. Oder wir begleiten Sie einfach dabei, dass Ihre EDV-Umgebung auf den neusten Stand gebracht wird. Nichts ist schlimmer, als wenn Sie sich aus Ihrem Fachbereich herausbegeben [&hellip;]<\/p>\n","protected":false},"author":1,"featured_media":0,"parent":18,"menu_order":9,"comment_status":"closed","ping_status":"closed","template":"","meta":{"footnotes":""},"class_list":["post-26","page","type-page","status-publish","hentry"],"_links":{"self":[{"href":"https:\/\/westermann-netzwerke.de\/index.php?rest_route=\/wp\/v2\/pages\/26","targetHints":{"allow":["GET"]}}],"collection":[{"href":"https:\/\/westermann-netzwerke.de\/index.php?rest_route=\/wp\/v2\/pages"}],"about":[{"href":"https:\/\/westermann-netzwerke.de\/index.php?rest_route=\/wp\/v2\/types\/page"}],"author":[{"embeddable":true,"href":"https:\/\/westermann-netzwerke.de\/index.php?rest_route=\/wp\/v2\/users\/1"}],"replies":[{"embeddable":true,"href":"https:\/\/westermann-netzwerke.de\/index.php?rest_route=%2Fwp%2Fv2%2Fcomments&post=26"}],"version-history":[{"count":1,"href":"https:\/\/westermann-netzwerke.de\/index.php?rest_route=\/wp\/v2\/pages\/26\/revisions"}],"predecessor-version":[{"id":158,"href":"https:\/\/westermann-netzwerke.de\/index.php?rest_route=\/wp\/v2\/pages\/26\/revisions\/158"}],"up":[{"embeddable":true,"href":"https:\/\/westermann-netzwerke.de\/index.php?rest_route=\/wp\/v2\/pages\/18"}],"wp:attachment":[{"href":"https:\/\/westermann-netzwerke.de\/index.php?rest_route=%2Fwp%2Fv2%2Fmedia&parent=26"}],"curies":[{"name":"wp","href":"https:\/\/api.w.org\/{rel}","templated":true}]}}