{"id":28,"date":"2018-01-02T02:16:47","date_gmt":"2018-01-02T02:16:47","guid":{"rendered":"https:\/\/westermann-netzwerke.de\/?page_id=28"},"modified":"2019-09-25T08:25:00","modified_gmt":"2019-09-25T08:25:00","slug":"uberwachung","status":"publish","type":"page","link":"https:\/\/westermann-netzwerke.de\/?page_id=28","title":{"rendered":"Kamera gest\u00fctze Objekt\u00fcberwachung"},"content":{"rendered":"<p><img decoding=\"async\" class=\"size-full wp-image-203 alignleft\" src=\"https:\/\/westermann-netzwerke.de\/wp-content\/uploads\/2019\/09\/logo.png\" alt=\"\" width=\"230\" height=\"42\" \/>Neben einem funktionierenden und gut arbeitenden Netzwerk ist eine Objekt\u00fcberwachung eine gute Idee, um eigene Wertgegenst\u00e4nde zu sch\u00fctzen.<\/p>\n<p>Wer jedoch glaubt, dass eine Kamera\u00fcberwachung eine Straftat verhindert, der wird unter Umst\u00e4nden eines besseren belehrt. Es geht auch weniger um die Verhinderung einer Straftat, egal ob Ladendiebstahl oder Einbruch, sondern vielmehr darum, der Aufkl\u00e4rung Hilfe zu geben.<\/p>\n<p>Eine gute Kamera\u00fcberwachung bietet gestochen scharfe Bilder, die, richtig gelagert, der Polizei sehr gute Dienste leisten k\u00f6nnen.<\/p>\n","protected":false},"excerpt":{"rendered":"<p>Neben einem funktionierenden und gut arbeitenden Netzwerk ist eine Objekt\u00fcberwachung eine gute Idee, um eigene Wertgegenst\u00e4nde zu sch\u00fctzen. Wer jedoch glaubt, dass eine Kamera\u00fcberwachung eine Straftat verhindert, der wird unter Umst\u00e4nden eines besseren belehrt. Es geht auch weniger um die Verhinderung einer Straftat, egal ob Ladendiebstahl oder Einbruch, sondern vielmehr darum, der Aufkl\u00e4rung Hilfe zu [&hellip;]<\/p>\n","protected":false},"author":1,"featured_media":0,"parent":0,"menu_order":11,"comment_status":"closed","ping_status":"closed","template":"","meta":{"footnotes":""},"class_list":["post-28","page","type-page","status-publish","hentry"],"_links":{"self":[{"href":"https:\/\/westermann-netzwerke.de\/index.php?rest_route=\/wp\/v2\/pages\/28","targetHints":{"allow":["GET"]}}],"collection":[{"href":"https:\/\/westermann-netzwerke.de\/index.php?rest_route=\/wp\/v2\/pages"}],"about":[{"href":"https:\/\/westermann-netzwerke.de\/index.php?rest_route=\/wp\/v2\/types\/page"}],"author":[{"embeddable":true,"href":"https:\/\/westermann-netzwerke.de\/index.php?rest_route=\/wp\/v2\/users\/1"}],"replies":[{"embeddable":true,"href":"https:\/\/westermann-netzwerke.de\/index.php?rest_route=%2Fwp%2Fv2%2Fcomments&post=28"}],"version-history":[{"count":1,"href":"https:\/\/westermann-netzwerke.de\/index.php?rest_route=\/wp\/v2\/pages\/28\/revisions"}],"predecessor-version":[{"id":206,"href":"https:\/\/westermann-netzwerke.de\/index.php?rest_route=\/wp\/v2\/pages\/28\/revisions\/206"}],"wp:attachment":[{"href":"https:\/\/westermann-netzwerke.de\/index.php?rest_route=%2Fwp%2Fv2%2Fmedia&parent=28"}],"curies":[{"name":"wp","href":"https:\/\/api.w.org\/{rel}","templated":true}]}}