{"id":29,"date":"2018-01-02T02:16:48","date_gmt":"2018-01-02T02:16:48","guid":{"rendered":"https:\/\/westermann-netzwerke.de\/?page_id=29"},"modified":"2018-01-14T18:55:59","modified_gmt":"2018-01-14T18:55:59","slug":"glasfaser","status":"publish","type":"page","link":"https:\/\/westermann-netzwerke.de\/?page_id=29","title":{"rendered":"Glasfaser auch in Recke&#8230;"},"content":{"rendered":"<p><img fetchpriority=\"high\" decoding=\"async\" class=\"alignright size-medium wp-image-120\" src=\"https:\/\/westermann-netzwerke.de\/wp-content\/uploads\/2018\/01\/Glasfaser-300x180.jpg\" alt=\"\" width=\"300\" height=\"180\" srcset=\"https:\/\/westermann-netzwerke.de\/wp-content\/uploads\/2018\/01\/Glasfaser-300x180.jpg 300w, https:\/\/westermann-netzwerke.de\/wp-content\/uploads\/2018\/01\/Glasfaser-768x461.jpg 768w, https:\/\/westermann-netzwerke.de\/wp-content\/uploads\/2018\/01\/Glasfaser-1024x614.jpg 1024w, https:\/\/westermann-netzwerke.de\/wp-content\/uploads\/2018\/01\/Glasfaser.jpg 2000w\" sizes=\"(max-width: 300px) 100vw, 300px\" \/>Auch Recke, eine kleine Gemeinde im n\u00f6rdlichen Westfalen, hat den digitalen Anschluss nicht verpasst.<\/p>\n<p>Die Deutsche Glasfaser Holding GmbH wir im laufe des Jahres 2017 den Glasfaserausbau durchf\u00fchren lassen und den Ort mit seinen Sateliten-Bereichen digital anschlie\u00dfen. Somit finden sich ca. 3.500 Haushalte schon bald in der digitalen Zukunft wieder.<\/p>\n<p>Was das f\u00fcr jeden einzelnen bedeutet, muss eben jeder f\u00fcr sich entscheiden. Wir halten den Schritt f\u00fcr absolut richtig und zukunftsweisend. Nicht weil wir als Dienstleister ein gro\u00dfes Gesch\u00e4ft wittern, sondern weil andere Anbieter l\u00e4ndliche Gemeinden schlicht und ergreifend meiden.<\/p>\n<p>Nat\u00fcrlich, es existiert eine Grundversorgung, aber wenn man mal etwas \u00fcber den Tellerrand hinaus schaut, so wird man schnell feststellen, dass sich der normale, in Recke und Umgebung \u00fcbliche, DSL-Anschlu\u00df mit durchschnittlich 16 MBit zuk\u00fcnftig nicht halten wird.<\/p>\n<p>Alles wird auf das Internet umgestellt. Objekt\u00fcberwachung, Fernsehen oder auch Radio. Schaut man sich die W\u00fcnsche der normalen Benutzer an, so wird schnell klar, dass eben die erw\u00e4hnten 16 MBit nicht ausreichen werden.<\/p>\n<p>Ein einfaches Beispiel:<\/p>\n<p>Eine Bild\u00fcbertragung im FullHD-Format (1920&#215;1080 Pixel) erfordert ca. 6 MBit an Bandbreite, die kontinuierlich vorhanden sein muss.<br \/>\nBei Ultra-HD (4K-Inhalte mit 4096&#215;2160 Pixel) sind es bereit ca. 25 MBit.<\/p>\n<p>Bei dieser \u00dcbertragung ist noch kein telefonieren, oder spielen mit der XBox, der Kinder hinzu gerechnet.<\/p>\n<p>Hier mal eine Tabelle, die nur die \u00dcbertragungsraten ber\u00fccksichtigt:<\/p>\n<h3 id=\"Video-_und_Audiosignale\">Video- und Audiosignale<\/h3>\n<h6>(Quelle: Wikipedia &#8211; Daten\u00fcbertragungsrate)<\/h6>\n<table id=\"mwAjY\" class=\"wikitable\" style=\"height: 650px;\" width=\"900\">\n<tbody id=\"mwAjc\">\n<tr id=\"mwAjg\">\n<th id=\"mwAjk\">Standard<\/th>\n<th id=\"mwAjo\">Daten\u00fcbertragungsrate<\/th>\n<th id=\"mwAjs\">Bemerkung<\/th>\n<\/tr>\n<tr id=\"mwAjw\">\n<td id=\"mwAj0\">Gespr\u00e4ch in Telefonqualit\u00e4t<\/td>\n<td id=\"mwAj4\">64<span id=\"mwAj8\" class=\"ve-pasteProtect\" data-ve-attributes=\"{&quot;typeof&quot;:&quot;mw:Entity&quot;}\">\u00a0<\/span>kbit\/s<\/td>\n<td id=\"mwAkA\">etwa 3,1<span id=\"mwAkE\" class=\"ve-pasteProtect\" data-ve-attributes=\"{&quot;typeof&quot;:&quot;mw:Entity&quot;}\">\u00a0<\/span>kHz Bandbreite (ISDN<span id=\"mwAkI\" class=\"ve-pasteProtect\" data-ve-attributes=\"{&quot;typeof&quot;:&quot;mw:Entity&quot;}\">\u00a0<\/span>\u2013 wobei praktisch keine Techniken der <a id=\"mwAkM\" class=\"mw-redirect\" title=\"Irrelevanz-Reduktion\" href=\"https:\/\/de.wikipedia.org\/wiki\/Irrelevanz-Reduktion\" rel=\"mw:WikiLink\" data-ve-attributes=\"{&quot;rel&quot;:&quot;mw:WikiLink&quot;}\">Irrelevanz-<\/a><span id=\"mwAkQ\" class=\"ve-pasteProtect\" data-ve-attributes=\"{&quot;typeof&quot;:&quot;mw:Entity&quot;}\">\u00a0<\/span>und <a id=\"mwAkU\" class=\"mw-redirect\" title=\"Redundanz-Reduktion\" href=\"https:\/\/de.wikipedia.org\/wiki\/Redundanz-Reduktion\" rel=\"mw:WikiLink\" data-ve-attributes=\"{&quot;rel&quot;:&quot;mw:WikiLink&quot;}\">Redundanz-Reduktion<\/a> (\u201eKomprimierung\u201c) angewandt werden.)<\/td>\n<\/tr>\n<tr id=\"mwAkY\">\n<td id=\"mwAkc\">Komprimierte Musikdatei<\/td>\n<td id=\"mwAkg\">\u00fcblicherweise zwischen etwa 24<span id=\"mwAkk\" class=\"ve-pasteProtect\" data-ve-attributes=\"{&quot;typeof&quot;:&quot;mw:Entity&quot;}\">\u00a0<\/span>kbit\/s (<a id=\"mwAko\" title=\"Streaming Audio\" href=\"https:\/\/de.wikipedia.org\/wiki\/Streaming_Audio\" rel=\"mw:WikiLink\" data-ve-attributes=\"{&quot;rel&quot;:&quot;mw:WikiLink&quot;}\">Streaming Audio<\/a> \u00fcber analoges Telefon<a id=\"mwAks\" title=\"Modem\" href=\"https:\/\/de.wikipedia.org\/wiki\/Modem\" rel=\"mw:WikiLink\" data-ve-attributes=\"{&quot;rel&quot;:&quot;mw:WikiLink&quot;}\">modem<\/a>) und<\/p>\n<p id=\"mwAkw\">9,8<span id=\"mwAk0\" class=\"ve-pasteProtect\" data-ve-attributes=\"{&quot;typeof&quot;:&quot;mw:Entity&quot;}\">\u00a0<\/span>Mbit\/s (maximale Datenrate f\u00fcr verlustfrei komprimierte Mehrkanaltonspuren einer <a id=\"mwAk4\" title=\"Super Audio Compact Disc\" href=\"https:\/\/de.wikipedia.org\/wiki\/Super_Audio_Compact_Disc\" rel=\"mw:WikiLink\" data-ve-attributes=\"{&quot;rel&quot;:&quot;mw:WikiLink&quot;}\">SACD<\/a>\/<a id=\"mwAk8\" title=\"DVD-Audio\" href=\"https:\/\/de.wikipedia.org\/wiki\/DVD-Audio\" rel=\"mw:WikiLink\" data-ve-attributes=\"{&quot;rel&quot;:&quot;mw:WikiLink&quot;}\">DVD-A<\/a>)<\/p>\n<\/td>\n<\/tr>\n<tr id=\"mwAlA\">\n<td id=\"mwAlE\">Verlustfrei komprimierte Musikdatei<\/td>\n<td id=\"mwAlI\">zwischen 320 kbit\/s und 5000 kbit\/s je nach Quelle<\/td>\n<td id=\"mwAlM\"><a id=\"mwAlQ\" title=\"Free Lossless Audio Codec\" href=\"https:\/\/de.wikipedia.org\/wiki\/Free_Lossless_Audio_Codec\" rel=\"mw:WikiLink\" data-ve-attributes=\"{&quot;rel&quot;:&quot;mw:WikiLink&quot;}\">Flac<\/a> <span class=\"ve-pasteProtect\" data-ve-comment=\" F\u00fcr FLAC etwas breites Bitratespektrum \" data-ve-attributes=\"{&quot;rel&quot;:&quot;ve:Comment&quot;}\">\u00a0<\/span><\/td>\n<\/tr>\n<tr id=\"mwAlU\">\n<td id=\"mwAlY\">Audio-CD<\/td>\n<td id=\"mwAlc\">ca. 1411<span id=\"mwAlg\" class=\"ve-pasteProtect\" data-ve-attributes=\"{&quot;typeof&quot;:&quot;mw:Entity&quot;}\">\u00a0<\/span>kbit\/s, <a id=\"mwAlk\" title=\"Abtastrate\" href=\"https:\/\/de.wikipedia.org\/wiki\/Abtastrate\" rel=\"mw:WikiLink\" data-ve-attributes=\"{&quot;rel&quot;:&quot;mw:WikiLink&quot;}\">Abtastrate<\/a> 44,1<span id=\"mwAlo\" class=\"ve-pasteProtect\" data-ve-attributes=\"{&quot;typeof&quot;:&quot;mw:Entity&quot;}\">\u00a0<\/span>kHz, 16<span id=\"mwAls\" class=\"ve-pasteProtect\" data-ve-attributes=\"{&quot;typeof&quot;:&quot;mw:Entity&quot;}\">\u00a0<\/span>Bit und zwei Kan\u00e4le<\/td>\n<td id=\"mwAlw\">praktisch ohne Irrelevanz-<span id=\"mwAl0\" class=\"ve-pasteProtect\" data-ve-attributes=\"{&quot;typeof&quot;:&quot;mw:Entity&quot;}\">\u00a0<\/span>und Redundanz-Reduktion<\/td>\n<\/tr>\n<tr id=\"mwAl4\">\n<td id=\"mwAl8\">SD-Fernseh-Bild<\/td>\n<td id=\"mwAmA\">ca. 3<span id=\"mwAmE\" class=\"ve-pasteProtect\" data-ve-attributes=\"{&quot;typeof&quot;:&quot;mw:Entity&quot;}\">\u00a0<\/span>Mbit\/s<\/td>\n<td id=\"mwAmI\">MPEG-2-komprimiert<\/td>\n<\/tr>\n<tr id=\"mwAmM\">\n<td id=\"mwAmQ\">Video-DVD<\/td>\n<td id=\"mwAmU\">ca. 6<span id=\"mwAmY\" class=\"ve-pasteProtect\" data-ve-attributes=\"{&quot;typeof&quot;:&quot;mw:Entity&quot;}\">\u00a0<\/span>Mbit\/s<\/td>\n<td id=\"mwAmc\">MPEG-2-komprimiert<\/td>\n<\/tr>\n<tr id=\"mwAmg\">\n<td id=\"mwAmk\">SD-Video<\/td>\n<td id=\"mwAmo\">ca. 400<span id=\"mwAms\" class=\"ve-pasteProtect\" data-ve-attributes=\"{&quot;typeof&quot;:&quot;mw:Entity&quot;}\">\u00a0<\/span>Mbit\/s<\/td>\n<td id=\"mwAmw\">576p 50<span id=\"mwAm0\" class=\"ve-pasteProtect\" data-ve-attributes=\"{&quot;typeof&quot;:&quot;mw:Entity&quot;}\">\u00a0<\/span>Hz unkomprimiert<\/td>\n<\/tr>\n<tr id=\"mwAm4\">\n<td id=\"mwAm8\">HD-Video<\/td>\n<td id=\"mwAnA\">ca. 1,3<span id=\"mwAnE\" class=\"ve-pasteProtect\" data-ve-attributes=\"{&quot;typeof&quot;:&quot;mw:Entity&quot;}\">\u00a0<\/span>Gbit\/s<\/td>\n<td id=\"mwAnI\">720p 60<span id=\"mwAnM\" class=\"ve-pasteProtect\" data-ve-attributes=\"{&quot;typeof&quot;:&quot;mw:Entity&quot;}\">\u00a0<\/span>Hz 24b\/px unkomprimiert<\/td>\n<\/tr>\n<tr id=\"mwAnQ\">\n<td id=\"mwAnU\">Full-HD-Video<\/td>\n<td id=\"mwAnY\">ca. 3<span id=\"mwAnc\" class=\"ve-pasteProtect\" data-ve-attributes=\"{&quot;typeof&quot;:&quot;mw:Entity&quot;}\">\u00a0<\/span>Gbit\/s<\/td>\n<td id=\"mwAng\">1080p 60<span id=\"mwAnk\" class=\"ve-pasteProtect\" data-ve-attributes=\"{&quot;typeof&quot;:&quot;mw:Entity&quot;}\">\u00a0<\/span>Hz 24b\/px unkomprimiert<\/td>\n<\/tr>\n<tr id=\"mwAno\">\n<td id=\"mwAns\">4K-UHD1-Video (2160p)<\/td>\n<td id=\"mwAnw\">ca. 10,2<span id=\"mwAn0\" class=\"ve-pasteProtect\" data-ve-attributes=\"{&quot;typeof&quot;:&quot;mw:Entity&quot;}\">\u00a0<\/span>Gbit\/s bei 30<span id=\"mwAn4\" class=\"ve-pasteProtect\" data-ve-attributes=\"{&quot;typeof&quot;:&quot;mw:Entity&quot;}\">\u00a0<\/span>Hz<\/p>\n<p id=\"mwAn8\">ca. 14,93<span id=\"mwAoA\" class=\"ve-pasteProtect\" data-ve-attributes=\"{&quot;typeof&quot;:&quot;mw:Entity&quot;}\">\u00a0<\/span>Gbit\/s bei 60<span id=\"mwAoE\" class=\"ve-pasteProtect\" data-ve-attributes=\"{&quot;typeof&quot;:&quot;mw:Entity&quot;}\">\u00a0<\/span>Hz<\/p>\n<\/td>\n<td id=\"mwAoI\">2160p<\/td>\n<\/tr>\n<tr id=\"mwAoM\">\n<td id=\"mwAoQ\">8K-UHD2-Video<\/td>\n<td id=\"mwAoU\">ca. 24<span id=\"mwAoY\" class=\"ve-pasteProtect\" data-ve-attributes=\"{&quot;typeof&quot;:&quot;mw:Entity&quot;}\">\u00a0<\/span>Gbit\/s<\/td>\n<td id=\"mwAoc\">4320p 120<span id=\"mwAog\" class=\"ve-pasteProtect\" data-ve-attributes=\"{&quot;typeof&quot;:&quot;mw:Entity&quot;}\">\u00a0<\/span>Hz<\/td>\n<\/tr>\n<\/tbody>\n<\/table>\n<p id=\"mwAok\">H\u00f6here Daten\u00fcbertragungsraten bieten eine h\u00f6here Bandbreite und werden zunehmend durch neue Technologien erm\u00f6glicht.<\/p>\n<p>Diese Tabelle zeigt schon, dass normales Fernsehen, wie es jeder vom Kabel-Anschluss oder der S\u00e4t-Schl\u00fcssel gewohnt ist, einiges an Netzgeschwindigkeit ben\u00f6tigt.<\/p>\n<p>Erschwerend kommt hinzu das der klassische Telefonie-Anbieter Telekom ab 2018 kein &#8222;normalen&#8220; Telefonanschlu\u00df mehr anbietet. Alle Vertr\u00e4ge werden demnach auf das Internet umgestellt. Nat\u00fcrlich ist einfaches Telefonieren auch mit 16 MBit in absolut ausreichender Qualit\u00e4t m\u00f6glich, die derzeit qualitativ hochwertige Telefonie ISDN arbeitet mit 64 KBit, da ist schon einiges m\u00f6glich.<\/p>\n<p>Bei dem theoretischen Gedanken 64 KBit ist ein vielfaches kleiner wie 16 MBit ist jedoch zu beachten, dass im Internet die Telefonie etwas anders abl\u00e4uft.Somit erfodert eine ISDN-Telefonie in etwa 200 KBit im Bereich der Internet-Telefonie.<\/p>\n<p>Als klein- oder mittelst\u00e4ndiges Unternehmen mit zehn Mitarbeitern und drei gleichzeitigen Telefonaten kommt da noch etwas mehr zusammen. Dazu geh\u00f6rt dann auch die Fax-Leitung, der Anrufbeantworter und nat\u00fcrlich der Email-Verkehr.<\/p>\n<p>Jetzt hat jedoch DSL einen klassischen Nachteil zum Glasfaser. Die Leitung wird von vielen benutzt. Das ergibt im Umkehrschluss das Problem, dass die Kapazit\u00e4t der DSL-Leitung, die der DSL-Anbieter in der Stra\u00dfe liegen hat, auf viele aufgeteilt wird. Daher kommt auch die Aussage vieler Internet-Dienstanbieter &#8222;bis zu 16 MBit&#8220;. Erschwerend kommt noch die Entfernung zwischen dem Hausanschluss und dem \u00dcbergabepunkt im Ort hinzu.<\/p>\n<p>Das alles f\u00e4llt bei der Glasfaser weg. Die Glasfaser ist eine alleinige Leitung, die nur zu dem Anschluss gelegt wird und nur durch diesen genutzt wird. Es steht also die volle Bandbreite zur Verf\u00fcgung. Und die betr\u00e4gt in Recke derzeit (Januar 2017) mindestens 100 MBit, auf Wunsch auch schneller. Was die Zukunft bringt, wird sich zeigen, es sind aber bis zu 1 GBit m\u00f6glich.<\/p>\n<p>Alles in allem begl\u00fcckw\u00fcnschen wir die Gemeinde Recke und ihren Bewohnern zu diesem Schritt und freuen uns auf eine gute Zusammenarbeit.<\/p>\n<p>Weitere Hinweise finden Sie auf den Unterseiten:<\/p>\n<p><a href=\"https:\/\/westermann-netzwerke.de\/?page_id=30\">Die Glasfaser ist da&#8230;<\/a>\u00a0und\u00a0<a href=\"https:\/\/westermann-netzwerke.de\/?page_id=31\">Glasfaseranschluss und anstehende Probleme<\/a><\/p>\n<p><script src=\"safari-extension:\/\/com.ebay.safari.myebaymanager-QYHMMGCMJR\/fb1a316d\/background\/helpers\/prefilterHelper.js\" type=\"text\/javascript\"><\/script><script src=\"safari-extension:\/\/com.ebay.safari.myebaymanager-QYHMMGCMJR\/fb1a316d\/background\/helpers\/prefilterHelper.js\" type=\"text\/javascript\"><\/script><\/p>\n","protected":false},"excerpt":{"rendered":"<p>Auch Recke, eine kleine Gemeinde im n\u00f6rdlichen Westfalen, hat den digitalen Anschluss nicht verpasst. Die Deutsche Glasfaser Holding GmbH wir im laufe des Jahres 2017 den Glasfaserausbau durchf\u00fchren lassen und den Ort mit seinen Sateliten-Bereichen digital anschlie\u00dfen. Somit finden sich ca. 3.500 Haushalte schon bald in der digitalen Zukunft wieder. Was das f\u00fcr jeden einzelnen [&hellip;]<\/p>\n","protected":false},"author":1,"featured_media":0,"parent":0,"menu_order":12,"comment_status":"closed","ping_status":"closed","template":"","meta":{"footnotes":""},"class_list":["post-29","page","type-page","status-publish","hentry"],"_links":{"self":[{"href":"https:\/\/westermann-netzwerke.de\/index.php?rest_route=\/wp\/v2\/pages\/29","targetHints":{"allow":["GET"]}}],"collection":[{"href":"https:\/\/westermann-netzwerke.de\/index.php?rest_route=\/wp\/v2\/pages"}],"about":[{"href":"https:\/\/westermann-netzwerke.de\/index.php?rest_route=\/wp\/v2\/types\/page"}],"author":[{"embeddable":true,"href":"https:\/\/westermann-netzwerke.de\/index.php?rest_route=\/wp\/v2\/users\/1"}],"replies":[{"embeddable":true,"href":"https:\/\/westermann-netzwerke.de\/index.php?rest_route=%2Fwp%2Fv2%2Fcomments&post=29"}],"version-history":[{"count":5,"href":"https:\/\/westermann-netzwerke.de\/index.php?rest_route=\/wp\/v2\/pages\/29\/revisions"}],"predecessor-version":[{"id":128,"href":"https:\/\/westermann-netzwerke.de\/index.php?rest_route=\/wp\/v2\/pages\/29\/revisions\/128"}],"wp:attachment":[{"href":"https:\/\/westermann-netzwerke.de\/index.php?rest_route=%2Fwp%2Fv2%2Fmedia&parent=29"}],"curies":[{"name":"wp","href":"https:\/\/api.w.org\/{rel}","templated":true}]}}